{"id":317,"date":"2018-03-22T15:47:23","date_gmt":"2018-03-22T14:47:23","guid":{"rendered":"http:\/\/edouardwolton.com\/galerie\/?page_id=317"},"modified":"2026-03-04T16:59:20","modified_gmt":"2026-03-04T15:59:20","slug":"cv","status":"publish","type":"page","link":"http:\/\/edouardwolton.com\/galerie\/cv\/","title":{"rendered":"CV"},"content":{"rendered":"\n<figure class=\"wp-block-image size-large is-resized\"><img loading=\"lazy\" decoding=\"async\" width=\"819\" height=\"1024\" src=\"http:\/\/edouardwolton.com\/galerie\/wp-content\/uploads\/2026\/03\/portrait-Edouard-Wolton-WEB-819x1024.jpg\" alt=\"\" class=\"wp-image-547\" style=\"width:210px;height:auto\" title=\"te\u0301le\u0301chargement\" srcset=\"http:\/\/edouardwolton.com\/galerie\/wp-content\/uploads\/2026\/03\/portrait-Edouard-Wolton-WEB-819x1024.jpg 819w, http:\/\/edouardwolton.com\/galerie\/wp-content\/uploads\/2026\/03\/portrait-Edouard-Wolton-WEB-240x300.jpg 240w, http:\/\/edouardwolton.com\/galerie\/wp-content\/uploads\/2026\/03\/portrait-Edouard-Wolton-WEB-768x960.jpg 768w, http:\/\/edouardwolton.com\/galerie\/wp-content\/uploads\/2026\/03\/portrait-Edouard-Wolton-WEB-1229x1536.jpg 1229w, http:\/\/edouardwolton.com\/galerie\/wp-content\/uploads\/2026\/03\/portrait-Edouard-Wolton-WEB-848x1060.jpg 848w, http:\/\/edouardwolton.com\/galerie\/wp-content\/uploads\/2026\/03\/portrait-Edouard-Wolton-WEB-1140x1425.jpg 1140w, http:\/\/edouardwolton.com\/galerie\/wp-content\/uploads\/2026\/03\/portrait-Edouard-Wolton-WEB-1170x1463.jpg 1170w, http:\/\/edouardwolton.com\/galerie\/wp-content\/uploads\/2026\/03\/portrait-Edouard-Wolton-WEB.jpg 1280w\" sizes=\"(max-width: 819px) 100vw, 819px\" \/><\/figure>\n\n\n\n<p>Edouard Wolton<\/p>\n\n\n\n<p>N\u00e9 en 1986 \u00e0 Paris, vit et travaille \u00e0 Paris.<\/p>\n\n\n\n<p>Consulter le <a href=\"http:\/\/edouardwolton.com\/galerie\/wp-content\/uploads\/2026\/03\/CV-Edouard-Wolton.pdf\" data-type=\"attachment\" data-id=\"550\">CV<\/a><\/p>\n","protected":false},"excerpt":{"rendered":"<p>Edouard Wolton N\u00e9 en 1986 \u00e0 Paris, vit et travaille \u00e0 Paris. Consulter le CV<\/p>\n","protected":false},"author":1,"featured_media":0,"parent":0,"menu_order":0,"comment_status":"closed","ping_status":"closed","template":"","meta":{"_acf_changed":false,"footnotes":""},"acf":[],"_links":{"self":[{"href":"http:\/\/edouardwolton.com\/galerie\/wp-json\/wp\/v2\/pages\/317"}],"collection":[{"href":"http:\/\/edouardwolton.com\/galerie\/wp-json\/wp\/v2\/pages"}],"about":[{"href":"http:\/\/edouardwolton.com\/galerie\/wp-json\/wp\/v2\/types\/page"}],"author":[{"embeddable":true,"href":"http:\/\/edouardwolton.com\/galerie\/wp-json\/wp\/v2\/users\/1"}],"replies":[{"embeddable":true,"href":"http:\/\/edouardwolton.com\/galerie\/wp-json\/wp\/v2\/comments?post=317"}],"version-history":[{"count":9,"href":"http:\/\/edouardwolton.com\/galerie\/wp-json\/wp\/v2\/pages\/317\/revisions"}],"predecessor-version":[{"id":551,"href":"http:\/\/edouardwolton.com\/galerie\/wp-json\/wp\/v2\/pages\/317\/revisions\/551"}],"wp:attachment":[{"href":"http:\/\/edouardwolton.com\/galerie\/wp-json\/wp\/v2\/media?parent=317"}],"curies":[{"name":"wp","href":"https:\/\/api.w.org\/{rel}","templated":true}]}}